{"id":6,"date":"2021-04-06T07:38:21","date_gmt":"2021-04-06T07:38:21","guid":{"rendered":"https:\/\/andrinegger.ch\/?page_id=6"},"modified":"2021-04-12T20:07:06","modified_gmt":"2021-04-12T20:07:06","slug":"home","status":"publish","type":"page","link":"https:\/\/andrinegger.ch\/","title":{"rendered":""},"content":{"rendered":"\t\t<div data-elementor-type=\"wp-page\" data-elementor-id=\"6\" class=\"elementor elementor-6\" data-elementor-settings=\"[]\">\n\t\t\t\t\t\t\t<div class=\"elementor-section-wrap\">\n\t\t\t\t\t\t\t<section class=\"elementor-section elementor-top-section elementor-element elementor-element-1eb092f8 elementor-section-height-min-height elementor-section-content-middle elementor-section-boxed elementor-section-height-default elementor-section-items-middle\" data-id=\"1eb092f8\" data-element_type=\"section\" data-settings=\"{&quot;background_background&quot;:&quot;classic&quot;}\">\n\t\t\t\t\t\t<div class=\"elementor-container elementor-column-gap-default\">\n\t\t\t\t\t<div class=\"elementor-column elementor-col-100 elementor-top-column elementor-element elementor-element-59ec7d5f\" data-id=\"59ec7d5f\" data-element_type=\"column\">\n\t\t\t<div class=\"elementor-widget-wrap elementor-element-populated\">\n\t\t\t\t\t\t\t\t<div class=\"elementor-element elementor-element-5af242e elementor-widget elementor-widget-text-editor\" data-id=\"5af242e\" data-element_type=\"widget\" data-widget_type=\"text-editor.default\">\n\t\t\t\t<div class=\"elementor-widget-container\">\n\t\t\t\t\t<div class=\"elementor-text-editor elementor-clearfix\"><h1 style=\"text-align: left;\">Wir m\u00f6chten lachen, diskutieren, leben, erleben, Synergien nutzen und Neues erschaffen.<\/h1><\/div>\n\t\t\t\t<\/div>\n\t\t\t\t<\/div>\n\t\t\t\t\t<\/div>\n\t\t<\/div>\n\t\t\t\t\t\t\t<\/div>\n\t\t<\/section>\n\t\t\t\t<section class=\"elementor-section elementor-top-section elementor-element elementor-element-c6fde32 elementor-section-boxed elementor-section-height-default elementor-section-height-default\" data-id=\"c6fde32\" data-element_type=\"section\">\n\t\t\t\t\t\t<div class=\"elementor-container elementor-column-gap-default\">\n\t\t\t\t\t<div class=\"elementor-column elementor-col-100 elementor-top-column elementor-element elementor-element-f382535\" data-id=\"f382535\" data-element_type=\"column\">\n\t\t\t<div class=\"elementor-widget-wrap elementor-element-populated\">\n\t\t\t\t\t\t\t\t<div class=\"elementor-element elementor-element-34deb88 elementor-widget elementor-widget-heading\" data-id=\"34deb88\" data-element_type=\"widget\" data-widget_type=\"heading.default\">\n\t\t\t\t<div class=\"elementor-widget-container\">\n\t\t\t<h3 class=\"elementor-heading-title elementor-size-large\">Was wir leben wollen<\/h3>\t\t<\/div>\n\t\t\t\t<\/div>\n\t\t\t\t<div class=\"elementor-element elementor-element-cea04cf elementor-widget elementor-widget-text-editor\" data-id=\"cea04cf\" data-element_type=\"widget\" data-widget_type=\"text-editor.default\">\n\t\t\t\t<div class=\"elementor-widget-container\">\n\t\t\t\t\t<div class=\"elementor-text-editor elementor-clearfix\"><p><span lang=\"de\">Wir m\u00f6chten f\u00fcr uns eine zukunftsorientierte und nachhaltige Wohnform finden und entwickeln. Diese soll weitere Bewohner*innen beinhalten, um sich in der Gemeinschaft gegenseitig zu unterst\u00fctzen. Individualit\u00e4t soll und darf weiterhin seinen Platz haben. Dies braucht es aus unserer Sicht f\u00fcr eine gesunde zwischenmenschliche Beziehung.&nbsp;<\/span><\/p><p>Wir m\u00f6chten uns langfristig an einem Ort niederlassen, den wir unsere Oase nennen d\u00fcrfen. Den wir gestalten und an dem wir unsere Interessen ausleben k\u00f6nnen. Dazu geh\u00f6ren beispielsweise H\u00fchner, viel Gem\u00fcse, bunte Blumen, Raum zum Bauen und T\u00fcfteln sowie Kochen.<br><\/p>\n<p style=\"margin: 0cm 0cm 0cm 36pt; font-size: 12pt; font-family: Calibri, sans-serif; color: #000000; text-align: start; text-indent: -18pt; line-height: 18.4px;\">\n<\/p><\/div>\n\t\t\t\t<\/div>\n\t\t\t\t<\/div>\n\t\t\t\t\t<\/div>\n\t\t<\/div>\n\t\t\t\t\t\t\t<\/div>\n\t\t<\/section>\n\t\t\t\t<section class=\"elementor-section elementor-top-section elementor-element elementor-element-49190f8e elementor-section-boxed elementor-section-height-default elementor-section-height-default\" data-id=\"49190f8e\" data-element_type=\"section\" data-settings=\"{&quot;background_background&quot;:&quot;classic&quot;}\">\n\t\t\t\t\t\t<div class=\"elementor-container elementor-column-gap-custom\">\n\t\t\t\t\t<div class=\"elementor-column elementor-col-50 elementor-top-column elementor-element elementor-element-4831563c\" data-id=\"4831563c\" data-element_type=\"column\">\n\t\t\t<div class=\"elementor-widget-wrap elementor-element-populated\">\n\t\t\t\t\t\t\t\t<div class=\"elementor-element elementor-element-d9c24f5 elementor-widget elementor-widget-heading\" data-id=\"d9c24f5\" data-element_type=\"widget\" data-widget_type=\"heading.default\">\n\t\t\t\t<div class=\"elementor-widget-container\">\n\t\t\t<h2 class=\"elementor-heading-title elementor-size-default\">Nathalie<\/h2>\t\t<\/div>\n\t\t\t\t<\/div>\n\t\t\t\t<div class=\"elementor-element elementor-element-67fbdf2b elementor-widget elementor-widget-image\" data-id=\"67fbdf2b\" data-element_type=\"widget\" data-widget_type=\"image.default\">\n\t\t\t\t<div class=\"elementor-widget-container\">\n\t\t\t\t\t<div class=\"elementor-image\">\n\t\t\t\t\t\t\t\t\t\t<img decoding=\"async\" src=\"https:\/\/andrinegger.ch\/wp-content\/uploads\/elementor\/thumbs\/Nathalie-1-p5k4sf2xhbe2tlml5nrd7ciyburer1i86fp16wow00.jpg\" title=\"Nathalie\" alt=\"Nathalie\" \/>\t\t\t\t\t\t\t\t\t\t\t<\/div>\n\t\t\t\t<\/div>\n\t\t\t\t<\/div>\n\t\t\t\t<div class=\"elementor-element elementor-element-40798930 elementor-widget elementor-widget-text-editor\" data-id=\"40798930\" data-element_type=\"widget\" data-widget_type=\"text-editor.default\">\n\t\t\t\t<div class=\"elementor-widget-container\">\n\t\t\t\t\t<div class=\"elementor-text-editor elementor-clearfix\"><p>Ich beobachte gerne Tiere und Pflanzen. Gem\u00fcse pflanze ich seit Jahren auf dem Balkon und jetzt auch im Garten an. Hier experimentiere ich gerne und probiere immer wieder neue Dinge aus. In meiner Freizeit gehe ich auch wandern. Mir gef\u00e4llt es, die Natur immer wieder neu zu entdecken.<\/p><p><span style=\"font-weight: var( --e-global-typography-text-font-weight );\">Ich bin gelernte Fachfrau Kinderbetreuerin und schliesse demn\u00e4chst den Bachelor in Sozialer Arbeit ab. Menschen, insbesondere Kinder und junge Erwachsene haben eine grosse Bedeutung in meinem Leben. Dies soll auch k\u00fcnftig in meinem Berufsleben so sein.<\/span><\/p><\/div>\n\t\t\t\t<\/div>\n\t\t\t\t<\/div>\n\t\t\t\t\t<\/div>\n\t\t<\/div>\n\t\t\t\t<div class=\"elementor-column elementor-col-50 elementor-top-column elementor-element elementor-element-8c45516\" data-id=\"8c45516\" data-element_type=\"column\">\n\t\t\t<div class=\"elementor-widget-wrap elementor-element-populated\">\n\t\t\t\t\t\t\t\t<div class=\"elementor-element elementor-element-9550c48 elementor-widget elementor-widget-heading\" data-id=\"9550c48\" data-element_type=\"widget\" data-widget_type=\"heading.default\">\n\t\t\t\t<div class=\"elementor-widget-container\">\n\t\t\t<h2 class=\"elementor-heading-title elementor-size-default\">Andrin<\/h2>\t\t<\/div>\n\t\t\t\t<\/div>\n\t\t\t\t<div class=\"elementor-element elementor-element-54c0069 elementor-widget elementor-widget-image\" data-id=\"54c0069\" data-element_type=\"widget\" data-widget_type=\"image.default\">\n\t\t\t\t<div class=\"elementor-widget-container\">\n\t\t\t\t\t<div class=\"elementor-image\">\n\t\t\t\t\t\t\t\t\t\t<img decoding=\"async\" src=\"https:\/\/andrinegger.ch\/wp-content\/uploads\/elementor\/thumbs\/PHOTO-2020-05-22-21-24-01-p5ifre1d6xtnxaxn9hcup9dp4lmybqgbs5h6as8xkw.jpg\" title=\"PHOTO-2020-05-22-21-24-01\" alt=\"PHOTO-2020-05-22-21-24-01\" \/>\t\t\t\t\t\t\t\t\t\t\t<\/div>\n\t\t\t\t<\/div>\n\t\t\t\t<\/div>\n\t\t\t\t<div class=\"elementor-element elementor-element-8c40949 elementor-widget elementor-widget-text-editor\" data-id=\"8c40949\" data-element_type=\"widget\" data-widget_type=\"text-editor.default\">\n\t\t\t\t<div class=\"elementor-widget-container\">\n\t\t\t\t\t<div class=\"elementor-text-editor elementor-clearfix\"><p>Ich bin ein aktiver und vielseitig interessierter Mensch und werde dieses Jahr 34ig. Ich bin gerne um und mit Menschen im Beruf wie auch im Privaten.<\/p><p><span style=\"font-weight: var( --e-global-typography-text-font-weight );\">Ich nutze meine Freizeit, um mich handwerklich auszutoben, ob an meinem Bus, im Garten, einer neuen Lampe oder an etwas, das den Alltag vereinfacht. Aktuell mache ich viel mit Holz und liebe es, Neues zu lernen. Ich entdecke gerne die Natur und mag die Rauheit, die sie birgt.<\/span><\/p><p>Ich habe Medieningenieur studiert und arbeite als Dozent f\u00fcr Audio- und Kameratechnik an einer Fachhochschule.\u00a0 <br \/>Im Herbst starte ich die Ausbildung in Systemischer Erlebnis- und Umweltpa\u0308dagogik.<\/p><div>\u00a0<\/div><\/div>\n\t\t\t\t<\/div>\n\t\t\t\t<\/div>\n\t\t\t\t\t<\/div>\n\t\t<\/div>\n\t\t\t\t\t\t\t<\/div>\n\t\t<\/section>\n\t\t\t\t<section class=\"elementor-section elementor-top-section elementor-element elementor-element-3238986 elementor-section-boxed elementor-section-height-default elementor-section-height-default\" data-id=\"3238986\" data-element_type=\"section\">\n\t\t\t\t\t\t<div class=\"elementor-container elementor-column-gap-default\">\n\t\t\t\t\t<div class=\"elementor-column elementor-col-100 elementor-top-column elementor-element elementor-element-d87cc67\" data-id=\"d87cc67\" data-element_type=\"column\">\n\t\t\t<div class=\"elementor-widget-wrap elementor-element-populated\">\n\t\t\t\t\t\t\t\t<div class=\"elementor-element elementor-element-0f6f935 elementor-widget-divider--view-line elementor-widget elementor-widget-divider\" data-id=\"0f6f935\" data-element_type=\"widget\" data-widget_type=\"divider.default\">\n\t\t\t\t<div class=\"elementor-widget-container\">\n\t\t\t\t\t<div class=\"elementor-divider\">\n\t\t\t<span class=\"elementor-divider-separator\">\n\t\t\t\t\t\t<\/span>\n\t\t<\/div>\n\t\t\t\t<\/div>\n\t\t\t\t<\/div>\n\t\t\t\t<div class=\"elementor-element elementor-element-0bc1aaf elementor-widget elementor-widget-heading\" data-id=\"0bc1aaf\" data-element_type=\"widget\" data-widget_type=\"heading.default\">\n\t\t\t\t<div class=\"elementor-widget-container\">\n\t\t\t<h2 class=\"elementor-heading-title elementor-size-large\">M\u00f6gliche Entwicklungs-Ideen<\/h2>\t\t<\/div>\n\t\t\t\t<\/div>\n\t\t\t\t<div class=\"elementor-element elementor-element-1b87d53 elementor-widget elementor-widget-text-editor\" data-id=\"1b87d53\" data-element_type=\"widget\" data-widget_type=\"text-editor.default\">\n\t\t\t\t<div class=\"elementor-widget-container\">\n\t\t\t\t\t<div class=\"elementor-text-editor elementor-clearfix\"><ul><li>gemeinschaftlicher Garten<\/li><li>gemeinschaftliche Werkstatt\u00a0<\/li><li>\u00dcbernachtungsgelegenheit f\u00fcr Kleinbusse \/ VANs<\/li><li>Boulderwand<\/li><li>Bed &amp; Breakfast<\/li><li>Repair &amp; Share &#8211; Caf\u00e9<\/li><li>Co-Workingspace<\/li><li>Raum f\u00fcr Kurse<\/li><\/ul><p style=\"margin: 0cm 0cm 0cm 36pt; text-align: start; text-indent: -18pt; line-height: 18.4px;\">\u00a0<\/p><\/div>\n\t\t\t\t<\/div>\n\t\t\t\t<\/div>\n\t\t\t\t\t<\/div>\n\t\t<\/div>\n\t\t\t\t\t\t\t<\/div>\n\t\t<\/section>\n\t\t\t\t<section class=\"elementor-section elementor-top-section elementor-element elementor-element-34f70782 elementor-section-boxed elementor-section-height-default elementor-section-height-default\" data-id=\"34f70782\" data-element_type=\"section\" data-settings=\"{&quot;background_background&quot;:&quot;classic&quot;}\">\n\t\t\t\t\t\t<div class=\"elementor-container elementor-column-gap-default\">\n\t\t\t\t\t<div class=\"elementor-column elementor-col-100 elementor-top-column elementor-element elementor-element-42f7bcc2\" data-id=\"42f7bcc2\" data-element_type=\"column\">\n\t\t\t<div class=\"elementor-widget-wrap elementor-element-populated\">\n\t\t\t\t\t\t\t\t<div class=\"elementor-element elementor-element-496e7591 elementor-widget elementor-widget-heading\" data-id=\"496e7591\" data-element_type=\"widget\" data-widget_type=\"heading.default\">\n\t\t\t\t<div class=\"elementor-widget-container\">\n\t\t\t<h4 class=\"elementor-heading-title elementor-size-large\">W\u00fcrden uns freuen, wenn Du mit uns <br>Kontakt aufnimmst.<\/h4>\t\t<\/div>\n\t\t\t\t<\/div>\n\t\t\t\t<div class=\"elementor-element elementor-element-57e15ce2 elementor-align-center elementor-widget elementor-widget-button\" data-id=\"57e15ce2\" data-element_type=\"widget\" data-widget_type=\"button.default\">\n\t\t\t\t<div class=\"elementor-widget-container\">\n\t\t\t\t\t<div class=\"elementor-button-wrapper\">\n\t\t\t<a href=\"mailto:mail@andrinegger.ch\" class=\"elementor-button-link elementor-button elementor-size-lg\" role=\"button\">\n\t\t\t\t\t\t<span class=\"elementor-button-content-wrapper\">\n\t\t\t\t\t\t<span class=\"elementor-button-text\">mail@andrinegger.ch<\/span>\n\t\t<\/span>\n\t\t\t\t\t<\/a>\n\t\t<\/div>\n\t\t\t\t<\/div>\n\t\t\t\t<\/div>\n\t\t\t\t\t<\/div>\n\t\t<\/div>\n\t\t\t\t\t\t\t<\/div>\n\t\t<\/section>\n\t\t\t\t\t\t<\/div>\n\t\t\t\t\t<\/div>\n\t\t","protected":false},"excerpt":{"rendered":"<p>Wir m\u00f6chten lachen, diskutieren, leben, erleben, Synergien nutzen und Neues erschaffen. Was wir leben wollen Wir m\u00f6chten f\u00fcr uns eine zukunftsorientierte und nachhaltige Wohnform finden und entwickeln. Diese soll weitere Bewohner*innen beinhalten, um sich in der Gemeinschaft gegenseitig zu unterst\u00fctzen. Individualit\u00e4t soll und darf weiterhin seinen Platz haben. Dies braucht es aus unserer Sicht f\u00fcr [&hellip;]<\/p>\n","protected":false},"author":1,"featured_media":0,"parent":0,"menu_order":0,"comment_status":"closed","ping_status":"closed","template":"","meta":{"footnotes":""},"class_list":["post-6","page","type-page","status-publish","hentry"],"_links":{"self":[{"href":"https:\/\/andrinegger.ch\/index.php?rest_route=\/wp\/v2\/pages\/6","targetHints":{"allow":["GET"]}}],"collection":[{"href":"https:\/\/andrinegger.ch\/index.php?rest_route=\/wp\/v2\/pages"}],"about":[{"href":"https:\/\/andrinegger.ch\/index.php?rest_route=\/wp\/v2\/types\/page"}],"author":[{"embeddable":true,"href":"https:\/\/andrinegger.ch\/index.php?rest_route=\/wp\/v2\/users\/1"}],"replies":[{"embeddable":true,"href":"https:\/\/andrinegger.ch\/index.php?rest_route=%2Fwp%2Fv2%2Fcomments&post=6"}],"version-history":[{"count":158,"href":"https:\/\/andrinegger.ch\/index.php?rest_route=\/wp\/v2\/pages\/6\/revisions"}],"predecessor-version":[{"id":222,"href":"https:\/\/andrinegger.ch\/index.php?rest_route=\/wp\/v2\/pages\/6\/revisions\/222"}],"wp:attachment":[{"href":"https:\/\/andrinegger.ch\/index.php?rest_route=%2Fwp%2Fv2%2Fmedia&parent=6"}],"curies":[{"name":"wp","href":"https:\/\/api.w.org\/{rel}","templated":true}]}}